{"id":30,"date":"2020-09-20T16:45:37","date_gmt":"2020-09-20T13:45:37","guid":{"rendered":"https:\/\/gokalp-hukuk.com\/?page_id=30"},"modified":"2020-10-01T18:19:41","modified_gmt":"2020-10-01T15:19:41","slug":"faaliyetlerimiz","status":"publish","type":"page","link":"https:\/\/gokalp-hukuk.com\/index.php\/faaliyetlerimiz\/","title":{"rendered":"Faaliyetlerimiz"},"content":{"rendered":"\n<h2>Faaliyet Alanlar\u0131m\u0131z<\/h2>\n\n\n\n<hr class=\"wp-block-separator\"\/>\n\n\n\n<figure class=\"wp-block-table\"><table><tbody><tr><td>* Ceza Hukuku<\/td><td>* Aile Hukuku<\/td><td>* \u0130cra-\u0130flas Hukuku<\/td><\/tr><tr><td>* Ticaret Hukuku<\/td><td>* Miras Hukuku<\/td><td>* Banka Hukuku<\/td><\/tr><tr><td>* Deniz Ticaret Hukuku<\/td><td>* Vatanda\u015fl\u0131k Hukuku<\/td><td>* Gayrimenkul Hukuku<\/td><\/tr><tr><td>* T\u00fcketici Hukuku<\/td><td>* \u0130\u015f ve Sosyal G\u00fcvenlik Hukuku<\/td><td>* Fikri M\u00fclkiyet Hukuku<\/td><\/tr><tr><td>* \u0130dare ve Vergi Hukuku<\/td><td>* Bili\u015fim Hukuku<\/td><td>* \u015eirketler Hukuku<\/td><\/tr><\/tbody><\/table><\/figure>\n\n\n\n<hr class=\"wp-block-separator\"\/>\n\n\n\n<p><strong>G\u00f6kalp Hukuk B\u00fcrosu&nbsp;<\/strong>uzman ve dinamik ekibiyle yerli-yabanc\u0131 \u015firketler kamu kurum ve kurulu\u015flar\u0131 dernekler ve ger\u00e7ek ki\u015filere; hukukun bir\u00e7ok alan\u0131nda sonu\u00e7 odakl\u0131 hukuki \u00e7\u00f6z\u00fcmler sunmaktad\u0131r. ;<\/p>\n\n\n\n<figure class=\"wp-block-table\"><table><tbody><tr><td>&gt;Ceza Davalar\u0131<\/td><td>&gt;Trafik Kazas\u0131 Davalar\u0131<\/td><td>&gt;Vatanda\u015fl\u0131k Davalar\u0131<\/td><\/tr><tr><td>&gt;Tazminat Davalar\u0131<\/td><td>&gt;Bo\u015fanma Davalar\u0131<\/td><td>&gt;\u0130cra-\u0130flas Davalar\u0131<\/td><\/tr><tr><td>&gt;Ticari Davalar<\/td><td>&gt;Miras Davalar\u0131<\/td><td>&gt;Banka Davalar\u0131<\/td><\/tr><tr><td>&gt;Deniz Ticaret Davalar\u0131<\/td><td>&gt;Gayrimenkul Davalar\u0131<\/td><td>&gt;T\u00fcketici Davalar\u0131<\/td><\/tr><tr><td>&gt;\u0130\u015f ve Sosyal G\u00fcvenlik Davalar\u0131<\/td><td>&gt;Fikri M\u00fclkiyet Davalar\u0131<\/td><td>&gt;\u0130dare ve Vergi Davalar\u0131<\/td><\/tr><tr><td>&gt;Bili\u015fim Davalar\u0131<\/td><td>&gt;\u015eirket Davalar\u0131<\/td><td>&gt;Askeri Davalar<\/td><\/tr><\/tbody><\/table><\/figure>\n\n\n\n<p>hukuk b\u00fcromuzun geni\u015f \u00e7al\u0131\u015fma alan\u0131n\u0131n \u00f6nemli bir b\u00f6l\u00fcm\u00fcn\u00fc olu\u015fturmaktad\u0131r.<\/p>\n\n\n\n<hr class=\"wp-block-separator\"\/>\n\n\n\n<p>M\u00fcvekkillerimizin menfaat ve ihtiya\u00e7lar\u0131 do\u011frultusunda yarat\u0131c\u0131 ve \u00e7\u00f6z\u00fcm odakl\u0131 dan\u0131\u015fmanl\u0131k hizmeti veren Hukuk B\u00fcromuz ayn\u0131 zamanda deneyimli kadrosu ile mahkemelerde icra dairelerinde ve kamu kurumlar\u0131nda m\u00fcvekkillerini temsil etmektedir.<\/p>\n\n\n\n<figure class=\"wp-block-image is-style-rounded\"><img src=\"http:\/\/localhost:51648\/HibeGokalp\/img\/hukuk.JPG\" alt=\"\"\/><\/figure>\n\n\n\n<figure class=\"wp-block-table\"><table><tbody><tr><td>Dan\u0131\u015fmanl\u0131k Hizmeti\u00d6nleyici hukuk anlay\u0131\u015f\u0131n\u0131n temel amac\u0131 m\u00fcvekkilimiz \u00fczerinde hukuki koruma \u015femsiyesi olu\u015fturup ihtilaflar olu\u015fmadan evvel bir nevi koruyucu hekimlik g\u00f6revi \u00fcstlenerek uyu\u015fmazl\u0131\u011f\u0131 daha meydana gelmeden bertaraf etmektir. Bu kapsamda \u00f6ncelikli hedefimiz, m\u00fcvekkillerimizi gelecekte olu\u015fmas\u0131 muhtemel uyu\u015fmazl\u0131klar hakk\u0131nda bilgilendirerek hukuki riski s\u0131f\u0131ra indirmektir.<\/td><td><\/td><td>Avukatl\u0131k Hizmeti\u0130ster m\u00fcvekkil aleyhine, isterse m\u00fcvekkil ad\u0131na ikame edilen dava, takip ve \u015fikayetler ilk a\u015famas\u0131ndan sonu\u00e7lan\u0131ncaya kadar taraf\u0131m\u0131zdan takip edilerek m\u00fcvekkilimiz temsil edilmektedir. Avukatl\u0131k hizmeti kapsam\u0131nda m\u00fcvekkillerimizin anayasal haklar\u0131 korunmakta, ortaya \u00e7\u0131kan uyu\u015fmazl\u0131\u011f\u0131n m\u00fcvekkil lehine \u00e7\u00f6z\u00fcm\u00fcne y\u00f6nelik sistemli ve etkin \u00e7al\u0131\u015fma yapmaktad\u0131r.<\/td><\/tr><\/tbody><\/table><\/figure>\n","protected":false},"excerpt":{"rendered":"<p>Faaliyet Alanlar\u0131m\u0131z * Ceza Hukuku * Aile Hukuku * \u0130cra-\u0130flas Hukuku * Ticaret Hukuku * Miras Hukuku * Banka Hukuku * Deniz Ticaret Hukuku * Vatanda\u015fl\u0131k Hukuku * Gayrimenkul Hukuku * T\u00fcketici Hukuku * \u0130\u015f ve Sosyal G\u00fcvenlik Hukuku * Fikri M\u00fclkiyet Hukuku * \u0130dare ve Vergi Hukuku * Bili\u015fim Hukuku * \u015eirketler Hukuku G\u00f6kalp Hukuk B\u00fcrosu&nbsp;uzman ve dinamik ekibiyle yerli-yabanc\u0131 \u015firketler kamu kurum ve kurulu\u015flar\u0131 dernekler ve ger\u00e7ek ki\u015filere;&hellip; <\/p>\n","protected":false},"author":1,"featured_media":7,"parent":0,"menu_order":3,"comment_status":"closed","ping_status":"closed","template":"layouts\/page-fullwidth.php","meta":[],"_links":{"self":[{"href":"https:\/\/gokalp-hukuk.com\/index.php\/wp-json\/wp\/v2\/pages\/30"}],"collection":[{"href":"https:\/\/gokalp-hukuk.com\/index.php\/wp-json\/wp\/v2\/pages"}],"about":[{"href":"https:\/\/gokalp-hukuk.com\/index.php\/wp-json\/wp\/v2\/types\/page"}],"author":[{"embeddable":true,"href":"https:\/\/gokalp-hukuk.com\/index.php\/wp-json\/wp\/v2\/users\/1"}],"replies":[{"embeddable":true,"href":"https:\/\/gokalp-hukuk.com\/index.php\/wp-json\/wp\/v2\/comments?post=30"}],"version-history":[{"count":2,"href":"https:\/\/gokalp-hukuk.com\/index.php\/wp-json\/wp\/v2\/pages\/30\/revisions"}],"predecessor-version":[{"id":78,"href":"https:\/\/gokalp-hukuk.com\/index.php\/wp-json\/wp\/v2\/pages\/30\/revisions\/78"}],"wp:featuredmedia":[{"embeddable":true,"href":"https:\/\/gokalp-hukuk.com\/index.php\/wp-json\/wp\/v2\/media\/7"}],"wp:attachment":[{"href":"https:\/\/gokalp-hukuk.com\/index.php\/wp-json\/wp\/v2\/media?parent=30"}],"curies":[{"name":"wp","href":"https:\/\/api.w.org\/{rel}","templated":true}]}}