{"id":34,"date":"2020-09-20T16:46:07","date_gmt":"2020-09-20T13:46:07","guid":{"rendered":"https:\/\/gokalp-hukuk.com\/?page_id=34"},"modified":"2020-10-01T18:44:46","modified_gmt":"2020-10-01T15:44:46","slug":"iletisim","status":"publish","type":"page","link":"https:\/\/gokalp-hukuk.com\/index.php\/iletisim\/","title":{"rendered":"\u0130leti\u015fim"},"content":{"rendered":"\n<iframe src=\"https:\/\/www.google.com\/maps\/embed?pb=!1m18!1m12!1m3!1d3194.6614292029585!2d34.61984131464064!3d36.80266727526178!2m3!1f0!2f0!3f0!3m2!1i1024!2i768!4f13.1!3m3!1m2!1s0x1527f3a07dff16c9%3A0x28020bc1ab84f514!2zR8O2a2FscCBIdWt1ayAmIERhbsSxxZ9tYW5sxLFr!5e0!3m2!1str!2str!4v1600612416697!5m2!1str!2str\" width=\"100%\" height=\"450\" frameborder=\"0\" style=\"border:0;\" allowfullscreen=\"\" aria-hidden=\"false\" tabindex=\"0\"><\/iframe>\n\n\n\n<figure class=\"wp-block-table\"><table><tbody><tr><td>Adres<\/td><td>:<\/td><td>Mahmudiye Mh. 4810 Sk. No : 67 Deniz \u0130\u015fh. Kat 4\/11 Akdeniz \/ MERS\u0130N (Adliye Giri\u015fi Kar\u015f\u0131s\u0131)<\/td><\/tr><tr><td>E-Posta<\/td><td>:<\/td><td>info@gokalp-hukuk.com<\/td><\/tr><tr><td>Telefon<\/td><td>:<\/td><td>0324 336 40 41<\/td><\/tr><tr><td>Mobil<\/td><td>:<\/td><td>0531 774 78 74<\/td><\/tr><\/tbody><\/table><\/figure>\n\n\n\n<div class=\"wp-block-image is-style-rounded\"><figure class=\"aligncenter size-large\"><img loading=\"lazy\" width=\"512\" height=\"133\" src=\"https:\/\/gokalp-hukuk.com\/wp-content\/uploads\/2020\/09\/unnamed.jpg\" alt=\"\" class=\"wp-image-72\" srcset=\"https:\/\/gokalp-hukuk.com\/wp-content\/uploads\/2020\/09\/unnamed.jpg 512w, https:\/\/gokalp-hukuk.com\/wp-content\/uploads\/2020\/09\/unnamed-300x78.jpg 300w\" sizes=\"(max-width: 512px) 100vw, 512px\" \/><\/figure><\/div>\n","protected":false},"excerpt":{"rendered":"<p>Adres : Mahmudiye Mh. 4810 Sk. No : 67 Deniz \u0130\u015fh. Kat 4\/11 Akdeniz \/ MERS\u0130N (Adliye Giri\u015fi Kar\u015f\u0131s\u0131) E-Posta : info@gokalp-hukuk.com Telefon : 0324 336 40 41 Mobil : 0531 774 78 74<\/p>\n","protected":false},"author":1,"featured_media":0,"parent":0,"menu_order":4,"comment_status":"closed","ping_status":"closed","template":"layouts\/page-fullwidth.php","meta":[],"_links":{"self":[{"href":"https:\/\/gokalp-hukuk.com\/index.php\/wp-json\/wp\/v2\/pages\/34"}],"collection":[{"href":"https:\/\/gokalp-hukuk.com\/index.php\/wp-json\/wp\/v2\/pages"}],"about":[{"href":"https:\/\/gokalp-hukuk.com\/index.php\/wp-json\/wp\/v2\/types\/page"}],"author":[{"embeddable":true,"href":"https:\/\/gokalp-hukuk.com\/index.php\/wp-json\/wp\/v2\/users\/1"}],"replies":[{"embeddable":true,"href":"https:\/\/gokalp-hukuk.com\/index.php\/wp-json\/wp\/v2\/comments?post=34"}],"version-history":[{"count":8,"href":"https:\/\/gokalp-hukuk.com\/index.php\/wp-json\/wp\/v2\/pages\/34\/revisions"}],"predecessor-version":[{"id":109,"href":"https:\/\/gokalp-hukuk.com\/index.php\/wp-json\/wp\/v2\/pages\/34\/revisions\/109"}],"wp:attachment":[{"href":"https:\/\/gokalp-hukuk.com\/index.php\/wp-json\/wp\/v2\/media?parent=34"}],"curies":[{"name":"wp","href":"https:\/\/api.w.org\/{rel}","templated":true}]}}