{"id":50,"date":"2020-09-20T17:25:31","date_gmt":"2020-09-20T14:25:31","guid":{"rendered":"https:\/\/gokalp-hukuk.com\/?page_id=50"},"modified":"2020-09-20T17:25:47","modified_gmt":"2020-09-20T14:25:47","slug":"kullanim-sozlesmesi","status":"publish","type":"page","link":"https:\/\/gokalp-hukuk.com\/index.php\/hakkimizda\/kullanim-sozlesmesi\/","title":{"rendered":"Kullan\u0131m S\u00f6zle\u015fmesi"},"content":{"rendered":"\n<h3>Telif Hakk\u0131<\/h3>\n\n\n\n<p>Bu web sitesi, baz\u0131 bilgilerin ve hizmetlerin sa\u011flanmas\u0131 amac\u0131yla Hibe G\u00f6kalp Hukuk B\u00fcrosu taraf\u0131ndan kurulmu\u015ftur. Web Sitesini kullanmadan \u00f6nce l\u00fctfen a\u015fa\u011f\u0131daki Web Sitesi Hizmet S\u00f6zle\u015fmesini dikkatli bir \u015fekilde okuyunuz. Hukuk m\u00fc\u015faviriniz bu S\u00f6zle\u015fmede bulunan herhangi bir madde veya politikay\u0131 kabul etmiyorsa l\u00fctfen web sitemizi kullanmay\u0131n\u0131z. Kullan\u0131c\u0131n\u0131n Hibe G\u00f6kalp Hukuk B\u00fcrosu web sitesini kullanmaya devam etmesi, kullan\u0131c\u0131n\u0131n Web Sitesi Hizmet S\u00f6zle\u015fmesinde i\u00e7erilen b\u00fct\u00fcn politikalar, beyanat ve i\u00e7eri\u011fi kabul etti\u011fi anlam\u0131na gelecektir.<\/p>\n\n\n\n<p>Hibe G\u00f6kalp Hukuk B\u00fcrosu bu S\u00f6zle\u015fmenin herhangi bir i\u00e7eri\u011fini herhangi bir zamanda de\u011fi\u015ftirme hakk\u0131n\u0131 sakl\u0131 tutar. Siz veya kanuni vasiniz yap\u0131lan de\u011fi\u015fiklikleri kabul etmiyorsan\u0131z, l\u00fctfen Hibe G\u00f6kalp Hukuk B\u00fcrosu web sitesinde bulunan bilgileri veya hizmetleri kullanmaktan sak\u0131n\u0131n\u0131z.<\/p>\n\n\n\n<h3>Madde 1<\/h3>\n\n\n\n<p>Bu web sitesinde sunulan b\u00fct\u00fcn bilgiler ve hizmetler (s\u0131n\u0131rl\u0131 kalmamak kayd\u0131yla yaz\u0131l\u0131 metinler, uygulamalar, yaz\u0131l\u0131mlar, m\u00fczikler, sesler, resimler, foto\u011fraflar, animasyonlar, web sitesi format\u0131, web sitesi d\u00fczenlemeleri ve di\u011fer her \u00e7e\u015fit bilgi d\u00e2hil olmak \u00fczere) Hibe G\u00f6kalp Hukuk B\u00fcrosu\u2019 e ve hak sahiplerine aittir ve ilgili m\u00fclkiyet, telif hakk\u0131, ticari marka, patent veya di\u011fer kanunlar kapsam\u0131nda korunmaktad\u0131rlar. Hibe G\u00f6kalp Hukuk B\u00fcrosu\u2019nun yaz\u0131l\u0131 izni olmadan yukar\u0131da s\u00f6z\u00fc edilen bilgilerin \u00e7o\u011falt\u0131lmas\u0131, da\u011f\u0131t\u0131lmas\u0131, uyarlanmas\u0131, d\u00fczenlenmesi, kamuya a\u00e7\u0131k bir \u015fekilde yay\u0131nlanmas\u0131, kamuya a\u00e7\u0131k bir \u015fekilde iletilmesi, aktar\u0131lmas\u0131, kiralanmas\u0131, sat\u0131lmas\u0131 veya yasad\u0131\u015f\u0131 kullan\u0131m\u0131 yasakt\u0131r.<\/p>\n\n\n\n<p>Bir fikri m\u00fclkiyet hakk\u0131n\u0131n ihlal edilmesi durumunda, ihlal eden ki\u015fi b\u00fct\u00fcn yasal y\u00fck\u00fcml\u00fcl\u00fc\u011f\u00fc \u00fcstlenecektir ve Hibe G\u00f6kalp Hukuk B\u00fcrosu di\u011fer yasal i\u015flemlere ba\u015flama hakk\u0131n\u0131 sakl\u0131 tutar.<\/p>\n\n\n\n<h3>Madde 2<\/h3>\n\n\n\n<p>Hibe G\u00f6kalp Hukuk B\u00fcrosu\u2019nun web sitesi arac\u0131l\u0131\u011f\u0131yla sa\u011flanan yaz\u0131l\u0131mlar\u0131n y\u00fcklenmesi ve\/veya kurulmas\u0131 yaz\u0131l\u0131m\u0131n kendisine ait Lisans S\u00f6zle\u015fmesi taraf\u0131ndan k\u0131s\u0131tlanm\u0131\u015ft\u0131r. Lisans S\u00f6zle\u015fmesinde bulunan herhangi bir beyanat, k\u0131s\u0131tlama veya i\u00e7eri\u011fi kabul etmemeniz durumunda yaz\u0131l\u0131m\u0131 y\u00fcklemeyiniz, kurmay\u0131n\u0131z veya kullanmay\u0131n\u0131z. Yaz\u0131l\u0131m\u0131 di\u011fer sunuculara veya medya formatlar\u0131nda kopyalamay\u0131n\u0131z. Yaz\u0131l\u0131m \u00fczerinde yap\u0131lacak olan b\u00fct\u00fcn de\u011fi\u015fiklikler, tersine m\u00fchendislik, kaynak koda d\u00f6n\u00fc\u015ft\u00fcrme veya tersine \u00e7evirme ve ayr\u0131ca yaz\u0131l\u0131mla ilgili ticari markalar\u0131n, logolar\u0131n veya dikkat notlar\u0131n\u0131n \u00e7\u0131kart\u0131lmas\u0131 veya de\u011fi\u015ftirilmesi kanunlarca yasaklanm\u0131\u015ft\u0131r.<\/p>\n\n\n\n<h3>Madde 3<\/h3>\n\n\n\n<p>Hibe G\u00f6kalp Hukuk B\u00fcrosu web sitesi taraf\u0131ndan sa\u011flanmakta olan b\u00fct\u00fcn hizmetler ve bilgiler kanunlar taraf\u0131ndan korunmaktad\u0131r.<\/p>\n\n\n\n<p>A\u015fa\u011f\u0131da verilmi\u015f olan web sitesi kullan\u0131m davran\u0131\u015flar\u0131 kanunlar taraf\u0131ndan yasaklanm\u0131\u015ft\u0131r:<\/p>\n\n\n\n<p><em>Hibe G\u00f6kalp Hukuk B\u00fcrosu web sitesi arac\u0131l\u0131\u011f\u0131yla sa\u011flanan hizmetler ve bilgilerin kullan\u0131lmas\u0131yla yasad\u0131\u015f\u0131 davran\u0131\u015flar veya aktiviteleri te\u015fvik etmek veya kat\u0131lmak.<\/em><\/p>\n\n\n\n<p><em>Herhangi bir Hibe G\u00f6kalp Hukuk B\u00fcrosu web sitesi hizmeti veya sunucu ba\u011flant\u0131s\u0131na m\u00fcdahalede bulunmak veya kesintiye u\u011fratmak.<\/em><\/p>\n\n\n\n<p><em>Hibe G\u00f6kalp Hukuk B\u00fcrosu internet hizmetlerinden kar sa\u011flamak veya sat\u0131\u015f yapmak \u00fczere Hibe G\u00f6kalp Hukuk B\u00fcrosu web sitesine ba\u011flant\u0131lar olu\u015fturmak.<\/em><\/p>\n\n\n\n<p><em>Hibe G\u00f6kalp Hukuk B\u00fcrosu web sitesine ili\u015fkin olarak yanl\u0131\u015f y\u00f6nlendirici veya aldat\u0131c\u0131 reklam veya promosyon bilgilerinin g\u00f6nderilmesi, iletilmesi veya da\u011f\u0131t\u0131lmas\u0131.<\/em><\/p>\n\n\n\n<p><em>Di\u011fer \u015fah\u0131slar\u0131n yasal haklar\u0131n\u0131 ihlal etme potansiyeline sahip olan bilgilerin iletilmesi.<\/em><\/p>\n\n\n\n<p><em>Herhangi bir yasad\u0131\u015f\u0131 bilginin iletilmesi, yasad\u0131\u015f\u0131 aktivitelerin te\u015fvik edilmesi veya di\u011fer \u015fah\u0131slar\u0131n yasad\u0131\u015f\u0131 aktivitelerine yard\u0131m veya yardak\u00e7\u0131l\u0131k edilmesi.<\/em><\/p>\n\n\n\n<p><em>Mevcut yurti\u00e7i veya uluslararas\u0131 kanunlar kapsam\u0131nda i\u00e7eri\u011finin veya aktar\u0131lmas\u0131n\u0131n yasad\u0131\u015f\u0131 olan bilgilerin iletilmesi.<\/em><br><em>K\u00f6t\u00fc niyetli, yak\u0131\u015f\u0131ks\u0131z, kanunlar\u0131 ihlal eden, tehditler, m\u00fcdahale, iftira, kaba, m\u00fcstehcen, k\u0131\u015fk\u0131rt\u0131c\u0131 d\u00fc\u015fmanl\u0131k veya di\u011fer aleyhte ileti\u015fim i\u00e7eren di\u011fer bi\u00e7imlere sahip bilgilerin (s\u0131n\u0131rl\u0131 kalmamak kayd\u0131yla metin, mesaj, resim, dosya, ba\u011flant\u0131, yaz\u0131l\u0131m veya di\u011fer bilgi bi\u00e7imleri d\u00e2hil olmak \u00fczere) iletilmesi.<\/em><\/p>\n\n\n\n<p>Hibe G\u00f6kalp Hukuk B\u00fcrosu, web sitesi i\u00e7erisinde uygunsuz veya yersiz oldu\u011funu d\u00fc\u015f\u00fcnd\u00fc\u011f\u00fc kelimeleri, materyalleri veya i\u00e7eri\u011fi silme hakk\u0131na sahiptir.<\/p>\n\n\n\n<h3>Madde 4<\/h3>\n\n\n\n<p>Hibe G\u00f6kalp Hukuk B\u00fcrosu web sitesi arac\u0131l\u0131\u011f\u0131yla bilgileri veya hizmetleri kullanma niyetinde olan ve web sitesinde kendi ki\u015fisel bilgilerini ileten veya kaydeden ki\u015filer ki\u015fisel bilgilerinin ger\u00e7ekli\u011fini garanti edecektir. Herhangi bir yanl\u0131\u015f veya sahte bilginin bulunmas\u0131 durumunda, ki\u015finin kendisi yasal y\u00fck\u00fcml\u00fcl\u00fckleri \u00fcstlenecektir.<\/p>\n\n\n\n<p>Hibe G\u00f6kalp Hukuk B\u00fcrosu, b\u00fct\u00fcn kaydedilmi\u015f veya aktar\u0131lm\u0131\u015f ki\u015fisel bilgileri kendi Gizlilik Politikas\u0131na g\u00f6re kullanmaktad\u0131r. Hibe G\u00f6kalp Hukuk B\u00fcrosu, a\u015fa\u011f\u0131daki durumlardan biri meydana gelmedik\u00e7e veya ilgili Web Sitesi Hizmet S\u00f6zle\u015fmesi veya gizlilik politikas\u0131 istisnay\u0131 gerektirmedik\u00e7e her bir ilgili kullan\u0131c\u0131n\u0131n yasal izni olmadan di\u011fer ki\u015filere veya genele isimleri, adresleri, e-mail adreslerini ve\/veya di\u011fer korunan ki\u015fisel bilgileri a\u00e7\u0131klamayacakt\u0131r.<\/p>\n\n\n\n<p><em>Kanun taraf\u0131ndan gerekmesi durumunda.<\/em><\/p>\n\n\n\n<p><em>Kanunun uygulanmas\u0131 amac\u0131yla herhangi bir yasal veya h\u00fck\u00fcmet yetkisinin talep etmesi durumunda.<\/em><\/p>\n\n\n\n<p><em>Hibe G\u00f6kalp Hukuk B\u00fcrosu\u2019na ait olan haklar\u0131n ve m\u00fclkiyetlerin korunmas\u0131nda.<\/em><\/p>\n\n\n\n<p><em>Di\u011fer kullan\u0131c\u0131lar\u0131n, kay\u0131t yapanlar\u0131n ve\/veya \u00fc\u00e7\u00fcnc\u00fc \u015fah\u0131slar\u0131n g\u00fcvenli\u011finin korunmas\u0131nda.<\/em><\/p>\n\n\n\n<p>Hibe G\u00f6kalp Hukuk B\u00fcrosu, kendi web sitesi arac\u0131l\u0131\u011f\u0131yla web sitesi kullan\u0131c\u0131lar\u0131 veya kay\u0131t yapanlar taraf\u0131ndan sa\u011flanan bilgileri herhangi bir \u00fc\u00e7\u00fcnc\u00fc \u015fahsa (bireyler, \u015firketler veya di\u011fer) satmayacak veya tedarik etmeyecektir. Ancak, Hibe G\u00f6kalp Hukuk B\u00fcrosu, kurumsal grup \u00fcyeleri pazarlama veya sat\u0131\u015f ama\u00e7lar\u0131 i\u00e7in kullan\u0131c\u0131lar veya kay\u0131t yapanlar taraf\u0131ndan verilmi\u015f olan bilgileri kullanma hakk\u0131na sahiptir.<\/p>\n\n\n\n<p>Hibe G\u00f6kalp Hukuk B\u00fcrosu web sitesinin kullan\u0131c\u0131lar\u0131 veya kay\u0131t yapan ki\u015filer, Hibe G\u00f6kalp Hukuk B\u00fcrosu, kurumsal grup \u00fcyeleri ve\/veya i\u015f ortaklar\u0131n\u0131n pazarlama amac\u0131, sat\u0131\u015f, hizmetlerin sa\u011flanmas\u0131, anketler ve\/veya ara\u015ft\u0131rma i\u00e7in sa\u011flanm\u0131\u015f olan ki\u015fisel bilgileri toplama, kullanma, saklama, i\u015fleme ve aktarma hakk\u0131na sahip oldu\u011funu anlar ve kabul eder.<\/p>\n\n\n\n<h3>Madde 5<\/h3>\n\n\n\n<p>Hibe G\u00f6kalp Hukuk B\u00fcrosu, internet \u00fczerinde yay\u0131nlad\u0131\u011f\u0131 materyal i\u00e7in uygun maskeleme tedbirlerini al\u0131r. Web sitesinde verilmekte olan b\u00fct\u00fcn bilgiler \u201coldu\u011fu gibi\u201d ve do\u011fru olma amac\u0131 ta\u015f\u0131r. Ancak, Hibe G\u00f6kalp Hukuk B\u00fcrosu web sitesinin i\u00e7eri\u011finin etkinli\u011fi, sorumlulu\u011fu ve\/veya potansiyel hak ihlali veya benzerleri konusunda bir garanti vermemektedir. Ayr\u0131ca, Hibe G\u00f6kalp Hukuk B\u00fcrosu kendi web sitesinin i\u015flevi, bilgileri veya hizmetlerinin kesintisi veya eri\u015filemezli\u011fi nedeniyle meydana gelen do\u011frudan, dolayl\u0131 veya di\u011fer bi\u00e7imlerdeki zarar ve hasarlara kar\u015f\u0131 herhangi bir sorumluluk kabul etmemektedir.<\/p>\n\n\n\n<p>Ayr\u0131ca, Hibe G\u00f6kalp Hukuk B\u00fcrosu hi\u00e7bir \u015fekilde eksik veya yanl\u0131\u015f web i\u00e7eri\u011fi, yaz\u0131m hatalar\u0131, yanl\u0131\u015f hesaplamalar veya bilgilerin ya da benzerinin g\u00fcncellenmesinin gecikmesi veya ertelenmesinden dolay\u0131 meydana gelen kay\u0131plara kar\u015f\u0131 herhangi bir sorumluluk kabul etmemektedir.<\/p>\n\n\n\n<h3>Madde 6<\/h3>\n\n\n\n<p>Hibe G\u00f6kalp Hukuk B\u00fcrosu web sitesi bilgilerinin, hizmetlerinin veya Web Sitesi Hizmet S\u00f6zle\u015fmesinin kullan\u0131lmas\u0131ndan kaynaklanan herhangi bir ihtilaf veya anla\u015fmazl\u0131k T\u00fcrkiye Cumhuriyeti kanunlar\u0131 taraf\u0131ndan y\u00f6netilecektir. Anla\u015fmazl\u0131\u011f\u0131n alternatif anla\u015fmazl\u0131k \u00e7\u00f6zme prosed\u00fcrleriyle \u00e7\u00f6z\u00fclememesi durumunda, \u0130stanbul Birinci B\u00f6lge Mahkemesi (T\u00fcrkiye Cumhuriyeti) ilk duru\u015fma yeri olacakt\u0131r.<\/p>\n","protected":false},"excerpt":{"rendered":"<p>Telif Hakk\u0131 Bu web sitesi, baz\u0131 bilgilerin ve hizmetlerin sa\u011flanmas\u0131 amac\u0131yla Hibe G\u00f6kalp Hukuk B\u00fcrosu taraf\u0131ndan kurulmu\u015ftur. Web Sitesini kullanmadan \u00f6nce l\u00fctfen a\u015fa\u011f\u0131daki Web Sitesi Hizmet S\u00f6zle\u015fmesini dikkatli bir \u015fekilde okuyunuz. Hukuk m\u00fc\u015faviriniz bu S\u00f6zle\u015fmede bulunan herhangi bir madde veya politikay\u0131 kabul etmiyorsa l\u00fctfen web sitemizi kullanmay\u0131n\u0131z. Kullan\u0131c\u0131n\u0131n Hibe G\u00f6kalp Hukuk B\u00fcrosu web sitesini kullanmaya devam etmesi, kullan\u0131c\u0131n\u0131n Web Sitesi Hizmet S\u00f6zle\u015fmesinde i\u00e7erilen b\u00fct\u00fcn politikalar, beyanat ve i\u00e7eri\u011fi kabul etti\u011fi&hellip; <\/p>\n","protected":false},"author":1,"featured_media":0,"parent":32,"menu_order":0,"comment_status":"closed","ping_status":"closed","template":"layouts\/page-fullwidth.php","meta":[],"_links":{"self":[{"href":"https:\/\/gokalp-hukuk.com\/index.php\/wp-json\/wp\/v2\/pages\/50"}],"collection":[{"href":"https:\/\/gokalp-hukuk.com\/index.php\/wp-json\/wp\/v2\/pages"}],"about":[{"href":"https:\/\/gokalp-hukuk.com\/index.php\/wp-json\/wp\/v2\/types\/page"}],"author":[{"embeddable":true,"href":"https:\/\/gokalp-hukuk.com\/index.php\/wp-json\/wp\/v2\/users\/1"}],"replies":[{"embeddable":true,"href":"https:\/\/gokalp-hukuk.com\/index.php\/wp-json\/wp\/v2\/comments?post=50"}],"version-history":[{"count":1,"href":"https:\/\/gokalp-hukuk.com\/index.php\/wp-json\/wp\/v2\/pages\/50\/revisions"}],"predecessor-version":[{"id":51,"href":"https:\/\/gokalp-hukuk.com\/index.php\/wp-json\/wp\/v2\/pages\/50\/revisions\/51"}],"up":[{"embeddable":true,"href":"https:\/\/gokalp-hukuk.com\/index.php\/wp-json\/wp\/v2\/pages\/32"}],"wp:attachment":[{"href":"https:\/\/gokalp-hukuk.com\/index.php\/wp-json\/wp\/v2\/media?parent=50"}],"curies":[{"name":"wp","href":"https:\/\/api.w.org\/{rel}","templated":true}]}}