{"id":63,"date":"2020-09-20T17:30:47","date_gmt":"2020-09-20T14:30:47","guid":{"rendered":"https:\/\/gokalp-hukuk.com\/?page_id=63"},"modified":"2020-09-20T17:30:47","modified_gmt":"2020-09-20T14:30:47","slug":"gizlilik-politikasi","status":"publish","type":"page","link":"https:\/\/gokalp-hukuk.com\/index.php\/hakkimizda\/gizlilik-politikasi\/","title":{"rendered":"Gizlilik Politikas\u0131"},"content":{"rendered":"\n<h3><\/h3>\n\n\n\n<p>Hibe G\u00f6kalp Hukuk B\u00fcrosu, ki\u015fisel bilgilerinize \u00f6nem verdi\u011finizi bilmektedir. Site g\u00fcvenli\u011finin ve i\u015flevselli\u011finin y\u00fcksek d\u00fczeyde muhafaza edilebilmesi ve site yaz\u0131l\u0131m\u0131n\u0131n gereksinimlerinden dolay\u0131 \u00fcyelerin takma isim (kullan\u0131c\u0131 ad\u0131), e-posta adresi bildirmeleri zorunlu k\u0131l\u0131nm\u0131\u015ft\u0131r. Bunun haricinde hi\u00e7bir ki\u015fisel bilgi (isim ve soyisim, adres, telefon numaras\u0131, vatanda\u015fl\u0131k numaras\u0131 gibi) taraf\u0131m\u0131zca sizden istenmemektir ve bu bilgilerin payla\u015f\u0131m\u0131 da yasaklanm\u0131\u015ft\u0131r.<\/p>\n\n\n\n<p>Hibe G\u00f6kalp Hukuk B\u00fcrosu ayn\u0131 zamanda bilgisayar\u0131n\u0131zdan cookie ( \u00e7erez )\u2019leri okumaktad\u0131r. Cookie\u2019ler sitemiz arac\u0131l\u0131\u011f\u0131 ile sizin bilgisayar\u0131n\u0131za web browser arac\u0131l\u0131\u011f\u0131 ile transfer edilen ve sitemize d\u00f6nd\u00fc\u011f\u00fcn\u00fcz zaman sistemin sizi hat\u0131rlamas\u0131n\u0131 sa\u011flayan ara\u00e7t\u0131r. Bu siteyi kullanarak , sitemizin , web server\u0131m\u0131z\u0131n ve g\u00fcvendi\u011fimiz \u00fc\u00e7\u00fcnc\u00fc gruplar\u0131n ( reklam networkleri gibi ) bilgisayar\u0131n\u0131za cookie yerle\u015ftirmesini kabul etmektesiniz. Cookie\u2019ler g\u00fcvendi\u011finiz siteler , Hibe G\u00f6kalp Hukuk B\u00fcrosu gibi , taraf\u0131ndan g\u00f6nderildi\u011finde hi\u00e7bir g\u00fcvenlik tehlikesi i\u00e7ermez. Cookielerle ilgili detayl\u0131 bilgi almak i\u00e7in&nbsp;<a href=\"http:\/\/www.aboutcookies.org\/Default.aspx?page=2\">AboutCookies.org<\/a>&nbsp;sitesini ziyaret ediniz.<\/p>\n\n\n\n<p>Hibe G\u00f6kalp Hukuk B\u00fcrosu size ait hi\u00e7bir ki\u015fisel bilgiyi \u00fc\u00e7\u00fcnc\u00fc bir ki\u015fiye iletmeyecektir.<\/p>\n\n\n\n<p>Sitemize girdi\u011finiz bilgilerin t\u00fcm\u00fc sizin kendi bilginiz dahilinde girilmi\u015f olup Hibe G\u00f6kalp Hukuk B\u00fcrosu bu bilgilerin yay\u0131nlanmas\u0131ndan mesul tutulamaz.<\/p>\n\n\n\n<p>Ki\u015fisel Bilgilerinizi d\u00fczenleme ve silmek kanuni bir hakk\u0131n\u0131zd\u0131r. Bu i\u015flemler Kontrol Paneli arac\u0131l\u0131\u011f\u0131 ile yap\u0131lmaktad\u0131r. Nas\u0131l Yap\u0131laca\u011f\u0131 konusunda yard\u0131ma ihtiyac\u0131n\u0131z varsa l\u00fctfen bizimle temasa ge\u00e7iniz.<\/p>\n\n\n\n<p>Hibe G\u00f6kalp Hukuk B\u00fcrosu sitemize g\u00f6nderece\u011finiz her bilginin g\u00fcvenli saklanaca\u011f\u0131n\u0131 belirtir ancak bu konuda garanti veremez.<\/p>\n\n\n\n<p>Bu gizlilik poli\u00e7esi her an herhangi bir uyar\u0131 yap\u0131lmaks\u0131z\u0131n de\u011fi\u015ftirilebilir. Bu poli\u00e7e ile ilgili herhangi bir sorunuz varsa l\u00fctfen\u00a0bize ula\u015f\u0131n.<\/p>\n","protected":false},"excerpt":{"rendered":"<p>Hibe G\u00f6kalp Hukuk B\u00fcrosu, ki\u015fisel bilgilerinize \u00f6nem verdi\u011finizi bilmektedir. Site g\u00fcvenli\u011finin ve i\u015flevselli\u011finin y\u00fcksek d\u00fczeyde muhafaza edilebilmesi ve site yaz\u0131l\u0131m\u0131n\u0131n gereksinimlerinden dolay\u0131 \u00fcyelerin takma isim (kullan\u0131c\u0131 ad\u0131), e-posta adresi bildirmeleri zorunlu k\u0131l\u0131nm\u0131\u015ft\u0131r. Bunun haricinde hi\u00e7bir ki\u015fisel bilgi (isim ve soyisim, adres, telefon numaras\u0131, vatanda\u015fl\u0131k numaras\u0131 gibi) taraf\u0131m\u0131zca sizden istenmemektir ve bu bilgilerin payla\u015f\u0131m\u0131 da yasaklanm\u0131\u015ft\u0131r. Hibe G\u00f6kalp Hukuk B\u00fcrosu ayn\u0131 zamanda bilgisayar\u0131n\u0131zdan cookie ( \u00e7erez )\u2019leri okumaktad\u0131r. Cookie\u2019ler sitemiz arac\u0131l\u0131\u011f\u0131&hellip; <\/p>\n","protected":false},"author":1,"featured_media":0,"parent":32,"menu_order":0,"comment_status":"closed","ping_status":"closed","template":"layouts\/page-fullwidth.php","meta":[],"_links":{"self":[{"href":"https:\/\/gokalp-hukuk.com\/index.php\/wp-json\/wp\/v2\/pages\/63"}],"collection":[{"href":"https:\/\/gokalp-hukuk.com\/index.php\/wp-json\/wp\/v2\/pages"}],"about":[{"href":"https:\/\/gokalp-hukuk.com\/index.php\/wp-json\/wp\/v2\/types\/page"}],"author":[{"embeddable":true,"href":"https:\/\/gokalp-hukuk.com\/index.php\/wp-json\/wp\/v2\/users\/1"}],"replies":[{"embeddable":true,"href":"https:\/\/gokalp-hukuk.com\/index.php\/wp-json\/wp\/v2\/comments?post=63"}],"version-history":[{"count":1,"href":"https:\/\/gokalp-hukuk.com\/index.php\/wp-json\/wp\/v2\/pages\/63\/revisions"}],"predecessor-version":[{"id":64,"href":"https:\/\/gokalp-hukuk.com\/index.php\/wp-json\/wp\/v2\/pages\/63\/revisions\/64"}],"up":[{"embeddable":true,"href":"https:\/\/gokalp-hukuk.com\/index.php\/wp-json\/wp\/v2\/pages\/32"}],"wp:attachment":[{"href":"https:\/\/gokalp-hukuk.com\/index.php\/wp-json\/wp\/v2\/media?parent=63"}],"curies":[{"name":"wp","href":"https:\/\/api.w.org\/{rel}","templated":true}]}}