{"id":65,"date":"2020-09-20T17:31:22","date_gmt":"2020-09-20T14:31:22","guid":{"rendered":"https:\/\/gokalp-hukuk.com\/?page_id=65"},"modified":"2020-09-20T17:31:22","modified_gmt":"2020-09-20T14:31:22","slug":"yasal-uyari","status":"publish","type":"page","link":"https:\/\/gokalp-hukuk.com\/index.php\/hakkimizda\/yasal-uyari\/","title":{"rendered":"Yasal Uyar\u0131"},"content":{"rendered":"\n<h3><\/h3>\n\n\n\n<p>Bu internet sitesinde bulunan her t\u00fcrl\u00fc bilgi ve materyal Hibe G\u00f6kalp Hukuk B\u00fcrosu taraf\u0131ndan bilgilendirme amac\u0131 ile haz\u0131rlanm\u0131\u015ft\u0131r. Burada bulunan hi\u00e7bir bilgi hukuki tavsiye niteli\u011finde de\u011fildir. Bu bilgilerin iletilmesi hi\u00e7bir \u015fekilde avukat m\u00fcvekkil ili\u015fkisi yaratmaz. Bu bilgiler en son hukuki durumu yans\u0131tmayabilece\u011finden okuyucular bu bilgilere dayanarak hareket etmemelidirler.<\/p>\n\n\n\n<p>Hibe G\u00f6kalp Hukuk B\u00fcrosu\u2019nun internet sitesinin ziyaret edilmesi, herhangi bir bilginin indirilmesi ve e-mail yolu ile taraf\u0131m\u0131za her t\u00fcrl\u00fc bilginin sunulmas\u0131 a\u015fa\u011f\u0131da yer alan kurallara tabidir.<\/p>\n\n\n\n<h3>Ziyaret ve Kullan\u0131m Kurallar\u0131<\/h3>\n\n\n\n<p>1. Bu internet sitesindeki bilgiler T\u00fcrkiye Barolar Birli\u011fi\u2019nin Meslek Kurallar\u0131na s\u0131k\u0131 s\u0131k\u0131ya ba\u011fl\u0131 ve \u00f6zellikle reklam yasa\u011f\u0131na uygun \u015fekilde tasarlanmaya \u00e7al\u0131\u015f\u0131lm\u0131\u015ft\u0131r. Bu site, reklam veya i\u015f geli\u015ftirme ve benzeri ama\u00e7lar ile kullan\u0131lamaz. Bu internet sitesine giren ziyaret\u00e7iler, Ziyaret ve Kullan\u0131m Kurallar\u0131 ko\u015fullar\u0131na uymay\u0131 taahh\u00fct eder.<\/p>\n\n\n\n<p>2. Bu internet sitesindeki t\u00fcm dosya ve bilgiler Hibe G\u00f6kalp Hukuk B\u00fcrosu\u2019na aittir. Bu internet sitesinde bulunan yaz\u0131l\u0131 materyal ve bilgi ve B\u00fcro logosuna ili\u015fkin fikri haklar B\u00fcroya ait olup, Hibe G\u00f6kalp Hukuk B\u00fcrosu ortaklar\u0131ndan yaz\u0131l\u0131 onay olmad\u0131k\u00e7a kopyalanamaz ve kullan\u0131lamaz.<\/p>\n\n\n\n<p>3. Bu internet sitesine link yaratmak, b\u00fcronun a\u00e7\u0131k izni bulunmad\u0131k\u00e7a kesinlikle yasakt\u0131r.<\/p>\n\n\n\n<p>4. Bu sayfada bulunan bilgilerin herhangi bir \u015fekilde kullan\u0131m\u0131 ya da taraf\u0131m\u0131za faks veya e-mail yolu ile bilgi ula\u015ft\u0131r\u0131lmas\u0131 hi\u00e7bir \u015fekilde b\u00fcronun varolan m\u00fcvekkilleri ile benzer \u015fekilde bir avukat-m\u00fcvekkil ili\u015fkisi olu\u015fturmayacakt\u0131r. Bu internet sitesinde bulunan bilgilerin tamam\u0131 sadece ki\u015fisel ve gayri ticari ama\u00e7larla da\u011f\u0131t\u0131lmaktad\u0131r. Ziyaret\u00e7iler bilgilerin yanl\u0131\u015f oldu\u011funu veya kendilerinin bu bilgiler sebebiyle bir zarara u\u011frad\u0131klar\u0131n\u0131 iddia edemezler. Hibe G\u00f6kalp Hukuk B\u00fcrosu, bu internet sitesinde sunulan bilginin i\u00e7eri\u011fi ya da ziyaret\u00e7ilerin bu internet sitesine dayanarak ger\u00e7ekle\u015ftirdi\u011fi hareketlerden sorumluluk kabul etmemektedir.<\/p>\n","protected":false},"excerpt":{"rendered":"<p>Bu internet sitesinde bulunan her t\u00fcrl\u00fc bilgi ve materyal Hibe G\u00f6kalp Hukuk B\u00fcrosu taraf\u0131ndan bilgilendirme amac\u0131 ile haz\u0131rlanm\u0131\u015ft\u0131r. Burada bulunan hi\u00e7bir bilgi hukuki tavsiye niteli\u011finde de\u011fildir. Bu bilgilerin iletilmesi hi\u00e7bir \u015fekilde avukat m\u00fcvekkil ili\u015fkisi yaratmaz. Bu bilgiler en son hukuki durumu yans\u0131tmayabilece\u011finden okuyucular bu bilgilere dayanarak hareket etmemelidirler. Hibe G\u00f6kalp Hukuk B\u00fcrosu\u2019nun internet sitesinin ziyaret edilmesi, herhangi bir bilginin indirilmesi ve e-mail yolu ile taraf\u0131m\u0131za her t\u00fcrl\u00fc bilginin sunulmas\u0131 a\u015fa\u011f\u0131da&hellip; <\/p>\n","protected":false},"author":1,"featured_media":0,"parent":32,"menu_order":0,"comment_status":"closed","ping_status":"closed","template":"layouts\/page-fullwidth.php","meta":[],"_links":{"self":[{"href":"https:\/\/gokalp-hukuk.com\/index.php\/wp-json\/wp\/v2\/pages\/65"}],"collection":[{"href":"https:\/\/gokalp-hukuk.com\/index.php\/wp-json\/wp\/v2\/pages"}],"about":[{"href":"https:\/\/gokalp-hukuk.com\/index.php\/wp-json\/wp\/v2\/types\/page"}],"author":[{"embeddable":true,"href":"https:\/\/gokalp-hukuk.com\/index.php\/wp-json\/wp\/v2\/users\/1"}],"replies":[{"embeddable":true,"href":"https:\/\/gokalp-hukuk.com\/index.php\/wp-json\/wp\/v2\/comments?post=65"}],"version-history":[{"count":1,"href":"https:\/\/gokalp-hukuk.com\/index.php\/wp-json\/wp\/v2\/pages\/65\/revisions"}],"predecessor-version":[{"id":66,"href":"https:\/\/gokalp-hukuk.com\/index.php\/wp-json\/wp\/v2\/pages\/65\/revisions\/66"}],"up":[{"embeddable":true,"href":"https:\/\/gokalp-hukuk.com\/index.php\/wp-json\/wp\/v2\/pages\/32"}],"wp:attachment":[{"href":"https:\/\/gokalp-hukuk.com\/index.php\/wp-json\/wp\/v2\/media?parent=65"}],"curies":[{"name":"wp","href":"https:\/\/api.w.org\/{rel}","templated":true}]}}